{"id":62,"date":"2025-02-24T15:05:27","date_gmt":"2025-02-24T15:05:27","guid":{"rendered":"https:\/\/isostasiacoop.cl\/?page_id=62"},"modified":"2025-04-04T20:11:06","modified_gmt":"2025-04-04T20:11:06","slug":"lo-que-hacemos","status":"publish","type":"page","link":"https:\/\/isostasiacoop.cl\/?page_id=62","title":{"rendered":"Lo que hacemos"},"content":{"rendered":"\t\t<div data-elementor-type=\"wp-page\" data-elementor-id=\"62\" class=\"elementor elementor-62\" data-elementor-post-type=\"page\">\n\t\t\t\t<div class=\"elementor-element elementor-element-913fbc5 e-con-full e-flex e-con e-parent\" data-id=\"913fbc5\" data-element_type=\"container\" data-settings=\"{&quot;background_background&quot;:&quot;slideshow&quot;,&quot;background_slideshow_gallery&quot;:[{&quot;id&quot;:155,&quot;url&quot;:&quot;https:\\\/\\\/isostasiacoop.cl\\\/wp-content\\\/uploads\\\/2025\\\/02\\\/2147628872.jpg&quot;},{&quot;id&quot;:83,&quot;url&quot;:&quot;https:\\\/\\\/isostasiacoop.cl\\\/wp-content\\\/uploads\\\/2025\\\/02\\\/aerial-view-mountains-sunset-scaled.jpg&quot;},{&quot;id&quot;:348,&quot;url&quot;:&quot;https:\\\/\\\/isostasiacoop.cl\\\/wp-content\\\/uploads\\\/2025\\\/02\\\/dominik-vanyi-Mk2ls9UBO2E-unsplash-scaled.jpg&quot;},{&quot;id&quot;:350,&quot;url&quot;:&quot;https:\\\/\\\/isostasiacoop.cl\\\/wp-content\\\/uploads\\\/2025\\\/02\\\/2147842545.jpg&quot;}],&quot;background_slideshow_loop&quot;:&quot;yes&quot;,&quot;background_slideshow_slide_duration&quot;:5000,&quot;background_slideshow_slide_transition&quot;:&quot;fade&quot;,&quot;background_slideshow_transition_duration&quot;:500}\">\n\t\t\t\t<div class=\"elementor-element elementor-element-0d0fe14 elementor-headline--style-highlight elementor-widget elementor-widget-animated-headline\" data-id=\"0d0fe14\" data-element_type=\"widget\" data-settings=\"{&quot;marker&quot;:&quot;curly&quot;,&quot;highlighted_text&quot;:&quot;hacemos&quot;,&quot;headline_style&quot;:&quot;highlight&quot;,&quot;loop&quot;:&quot;yes&quot;,&quot;highlight_animation_duration&quot;:1200,&quot;highlight_iteration_delay&quot;:8000}\" data-widget_type=\"animated-headline.default\">\n\t\t\t\t<div class=\"elementor-widget-container\">\n\t\t\t\t\t\t\t<h1 class=\"elementor-headline\">\n\t\t\t\t\t<span class=\"elementor-headline-plain-text elementor-headline-text-wrapper\">Lo que<\/span>\n\t\t\t\t<span class=\"elementor-headline-dynamic-wrapper elementor-headline-text-wrapper\">\n\t\t\t\t\t<span class=\"elementor-headline-dynamic-text elementor-headline-text-active\">hacemos<\/span>\n\t\t\t\t<\/span>\n\t\t\t\t<\/h1>\n\t\t\t\t\t\t<\/div>\n\t\t\t\t<\/div>\n\t\t\t\t<\/div>\n\t\t<div class=\"elementor-element elementor-element-c33d51d e-flex e-con-boxed e-con e-parent\" data-id=\"c33d51d\" data-element_type=\"container\">\n\t\t\t\t\t<div class=\"e-con-inner\">\n\t\t<div class=\"elementor-element elementor-element-3e01d24 e-con-full e-flex e-con e-child\" data-id=\"3e01d24\" data-element_type=\"container\">\n\t\t\t\t<div class=\"elementor-element elementor-element-772e01d elementor-widget elementor-widget-spacer\" data-id=\"772e01d\" data-element_type=\"widget\" data-widget_type=\"spacer.default\">\n\t\t\t\t<div class=\"elementor-widget-container\">\n\t\t\t\t\t\t\t<div class=\"elementor-spacer\">\n\t\t\t<div class=\"elementor-spacer-inner\"><\/div>\n\t\t<\/div>\n\t\t\t\t\t\t<\/div>\n\t\t\t\t<\/div>\n\t\t\t\t<\/div>\n\t\t\t\t\t<\/div>\n\t\t\t\t<\/div>\n\t\t<div class=\"elementor-element elementor-element-fb4ab80 e-flex e-con-boxed elementor-invisible e-con e-parent\" data-id=\"fb4ab80\" data-element_type=\"container\" data-settings=\"{&quot;animation&quot;:&quot;fadeIn&quot;}\">\n\t\t\t\t\t<div class=\"e-con-inner\">\n\t\t<div class=\"elementor-element elementor-element-e5c317f e-con-full e-flex e-con e-child\" data-id=\"e5c317f\" data-element_type=\"container\">\n\t\t\t\t<div class=\"elementor-element elementor-element-7170a7a elementor-widget elementor-widget-heading\" data-id=\"7170a7a\" data-element_type=\"widget\" data-widget_type=\"heading.default\">\n\t\t\t\t<div class=\"elementor-widget-container\">\n\t\t\t\t\t<h4 class=\"elementor-heading-title elementor-size-default\">Nuestros Servicios<\/h4>\t\t\t\t<\/div>\n\t\t\t\t<\/div>\n\t\t<div class=\"elementor-element elementor-element-df66496 e-con-full e-flex e-con e-child\" data-id=\"df66496\" data-element_type=\"container\">\n\t\t\t\t<div class=\"elementor-element elementor-element-84b9c4a elementor-widget elementor-widget-heading\" data-id=\"84b9c4a\" data-element_type=\"widget\" data-widget_type=\"heading.default\">\n\t\t\t\t<div class=\"elementor-widget-container\">\n\t\t\t\t\t<h1 class=\"elementor-heading-title elementor-size-default\">Explora lo que ofrecemos<\/h1>\t\t\t\t<\/div>\n\t\t\t\t<\/div>\n\t\t\t\t<\/div>\n\t\t\t\t<\/div>\n\t\t\t\t\t<\/div>\n\t\t\t\t<\/div>\n\t\t<div class=\"elementor-element elementor-element-8f286d8 e-flex e-con-boxed elementor-invisible e-con e-parent\" data-id=\"8f286d8\" data-element_type=\"container\" data-settings=\"{&quot;animation&quot;:&quot;fadeIn&quot;}\">\n\t\t\t\t\t<div class=\"e-con-inner\">\n\t\t<div class=\"elementor-element elementor-element-b5bc463 e-con-full e-flex e-con e-child\" data-id=\"b5bc463\" data-element_type=\"container\">\n\t\t\t\t<div class=\"elementor-element elementor-element-2696b8e elementor-widget elementor-widget-text-editor\" data-id=\"2696b8e\" data-element_type=\"widget\" data-widget_type=\"text-editor.default\">\n\t\t\t\t<div class=\"elementor-widget-container\">\n\t\t\t\t\t\t\t\t\t<ul><li class=\"zfr3Q TYR86d eD0Rn \" dir=\"ltr\"><p class=\"zfr3Q CDt4Ke \" dir=\"ltr\" role=\"presentation\"><span class=\"C9DxTc \">Estudios geol\u00f3gicos, geot\u00e9cnicos, hidrogeol\u00f3gicos y geof\u00edsicos<\/span><\/p><\/li><li class=\"zfr3Q TYR86d eD0Rn \" dir=\"ltr\"><p class=\"zfr3Q CDt4Ke \" dir=\"ltr\" role=\"presentation\"><span class=\"C9DxTc \">Revisi\u00f3n de procesos y metodolog\u00edas para identificar oportunidades de mejora<\/span><\/p><\/li><li class=\"zfr3Q TYR86d eD0Rn \" dir=\"ltr\"><p class=\"zfr3Q CDt4Ke \" dir=\"ltr\" role=\"presentation\"><span class=\"C9DxTc \">Exploraciones geol\u00f3gico-mineras<\/span><\/p><\/li><li class=\"zfr3Q TYR86d eD0Rn \" dir=\"ltr\"><p class=\"zfr3Q CDt4Ke \" dir=\"ltr\" role=\"presentation\"><span class=\"C9DxTc \">Evaluaci\u00f3n y gesti\u00f3n de peligros naturales<\/span><\/p><\/li><li class=\"zfr3Q TYR86d eD0Rn \" dir=\"ltr\"><p class=\"zfr3Q CDt4Ke \" dir=\"ltr\" role=\"presentation\"><span class=\"C9DxTc \">Apoyo a la gesti\u00f3n del cambio en la adopci\u00f3n e implementaci\u00f3n de nuevas tecnolog\u00edas e innovaci\u00f3n<\/span><\/p><\/li><li class=\"zfr3Q TYR86d eD0Rn \" dir=\"ltr\"><p class=\"zfr3Q CDt4Ke \" dir=\"ltr\" role=\"presentation\"><span class=\"C9DxTc \">Capacitaciones t\u00e9cnicas y difusi\u00f3n de conocimiento geocient\u00edfico<\/span><\/p><\/li><li class=\"zfr3Q TYR86d eD0Rn \" dir=\"ltr\"><p class=\"zfr3Q CDt4Ke \" dir=\"ltr\" role=\"presentation\"><span class=\"C9DxTc \">Promoci\u00f3n del geopatrimonio y geoturismo<\/span><\/p><\/li><\/ul>\t\t\t\t\t\t\t\t<\/div>\n\t\t\t\t<\/div>\n\t\t\t\t<\/div>\n\t\t\t\t\t<\/div>\n\t\t\t\t<\/div>\n\t\t<div class=\"elementor-element elementor-element-f8f9e24 e-flex e-con-boxed e-con e-parent\" data-id=\"f8f9e24\" data-element_type=\"container\">\n\t\t\t\t\t<div class=\"e-con-inner\">\n\t\t\t\t<div class=\"elementor-element elementor-element-3679459 elementor-widget elementor-widget-spacer\" data-id=\"3679459\" data-element_type=\"widget\" data-widget_type=\"spacer.default\">\n\t\t\t\t<div class=\"elementor-widget-container\">\n\t\t\t\t\t\t\t<div class=\"elementor-spacer\">\n\t\t\t<div class=\"elementor-spacer-inner\"><\/div>\n\t\t<\/div>\n\t\t\t\t\t\t<\/div>\n\t\t\t\t<\/div>\n\t\t\t\t\t<\/div>\n\t\t\t\t<\/div>\n\t\t<div class=\"elementor-element elementor-element-851d88f e-flex e-con-boxed elementor-invisible e-con e-parent\" data-id=\"851d88f\" data-element_type=\"container\" data-settings=\"{&quot;animation&quot;:&quot;fadeInDown&quot;}\">\n\t\t\t\t\t<div class=\"e-con-inner\">\n\t\t<div class=\"elementor-element elementor-element-4868f4c e-con-full e-flex e-con e-child\" data-id=\"4868f4c\" data-element_type=\"container\">\n\t\t\t\t<div class=\"elementor-element elementor-element-17698cb elementor-widget elementor-widget-heading\" data-id=\"17698cb\" data-element_type=\"widget\" data-widget_type=\"heading.default\">\n\t\t\t\t<div class=\"elementor-widget-container\">\n\t\t\t\t\t<h1 class=\"elementor-heading-title elementor-size-default\">Nuestros Diferenciadores\n\n<\/h1>\t\t\t\t<\/div>\n\t\t\t\t<\/div>\n\t\t\t\t<\/div>\n\t\t\t\t\t<\/div>\n\t\t\t\t<\/div>\n\t\t<div class=\"elementor-element elementor-element-0e5ec88 e-flex e-con-boxed elementor-invisible e-con e-parent\" data-id=\"0e5ec88\" data-element_type=\"container\" data-settings=\"{&quot;animation&quot;:&quot;fadeInLeft&quot;}\">\n\t\t\t\t\t<div class=\"e-con-inner\">\n\t\t<div class=\"elementor-element elementor-element-fdbbc63 e-con-full e-flex e-con e-child\" data-id=\"fdbbc63\" data-element_type=\"container\">\n\t\t\t\t<div class=\"elementor-element elementor-element-d3ee131 elementor-widget elementor-widget-image\" data-id=\"d3ee131\" data-element_type=\"widget\" data-widget_type=\"image.default\">\n\t\t\t\t<div class=\"elementor-widget-container\">\n\t\t\t\t\t\t\t\t\t\t\t\t\t\t\t<img fetchpriority=\"high\" decoding=\"async\" width=\"800\" height=\"352\" src=\"https:\/\/isostasiacoop.cl\/wp-content\/uploads\/2025\/04\/Screenshot_1-1024x450.png\" class=\"attachment-large size-large wp-image-471\" alt=\"\" srcset=\"https:\/\/isostasiacoop.cl\/wp-content\/uploads\/2025\/04\/Screenshot_1-1024x450.png 1024w, https:\/\/isostasiacoop.cl\/wp-content\/uploads\/2025\/04\/Screenshot_1-300x132.png 300w, https:\/\/isostasiacoop.cl\/wp-content\/uploads\/2025\/04\/Screenshot_1-768x338.png 768w, https:\/\/isostasiacoop.cl\/wp-content\/uploads\/2025\/04\/Screenshot_1.png 1207w\" sizes=\"(max-width: 800px) 100vw, 800px\" \/>\t\t\t\t\t\t\t\t\t\t\t\t\t\t\t<\/div>\n\t\t\t\t<\/div>\n\t\t\t\t<\/div>\n\t\t\t\t\t<\/div>\n\t\t\t\t<\/div>\n\t\t\t\t<\/div>\n\t\t","protected":false},"excerpt":{"rendered":"<p>Lo que hacemos Nuestros Servicios Explora lo que ofrecemos Estudios geol\u00f3gicos, geot\u00e9cnicos, hidrogeol\u00f3gicos y geof\u00edsicos Revisi\u00f3n de procesos y metodolog\u00edas para identificar oportunidades de mejora Exploraciones geol\u00f3gico-mineras Evaluaci\u00f3n y gesti\u00f3n de peligros naturales Apoyo a la gesti\u00f3n del cambio en la adopci\u00f3n e implementaci\u00f3n de nuevas tecnolog\u00edas e innovaci\u00f3n Capacitaciones t\u00e9cnicas y difusi\u00f3n de conocimiento [&hellip;]<\/p>\n","protected":false},"author":1,"featured_media":0,"parent":0,"menu_order":0,"comment_status":"closed","ping_status":"closed","template":"elementor_header_footer","meta":{"footnotes":""},"class_list":["post-62","page","type-page","status-publish","hentry"],"_links":{"self":[{"href":"https:\/\/isostasiacoop.cl\/index.php?rest_route=\/wp\/v2\/pages\/62","targetHints":{"allow":["GET"]}}],"collection":[{"href":"https:\/\/isostasiacoop.cl\/index.php?rest_route=\/wp\/v2\/pages"}],"about":[{"href":"https:\/\/isostasiacoop.cl\/index.php?rest_route=\/wp\/v2\/types\/page"}],"author":[{"embeddable":true,"href":"https:\/\/isostasiacoop.cl\/index.php?rest_route=\/wp\/v2\/users\/1"}],"replies":[{"embeddable":true,"href":"https:\/\/isostasiacoop.cl\/index.php?rest_route=%2Fwp%2Fv2%2Fcomments&post=62"}],"version-history":[{"count":37,"href":"https:\/\/isostasiacoop.cl\/index.php?rest_route=\/wp\/v2\/pages\/62\/revisions"}],"predecessor-version":[{"id":543,"href":"https:\/\/isostasiacoop.cl\/index.php?rest_route=\/wp\/v2\/pages\/62\/revisions\/543"}],"wp:attachment":[{"href":"https:\/\/isostasiacoop.cl\/index.php?rest_route=%2Fwp%2Fv2%2Fmedia&parent=62"}],"curies":[{"name":"wp","href":"https:\/\/api.w.org\/{rel}","templated":true}]}}